  {"id":352,"date":"2024-01-26T10:30:24","date_gmt":"2024-01-26T10:30:24","guid":{"rendered":"https:\/\/www.lancaster.ac.uk\/fof2024\/?page_id=352"},"modified":"2024-01-26T12:33:39","modified_gmt":"2024-01-26T12:33:39","slug":"cooperativa-digital-creating-a-community-run-mobile-app-in-brazil","status":"publish","type":"page","link":"https:\/\/www.lancaster.ac.uk\/fof2024\/the-exhibition\/our-exhibitors\/cooperativa-digital-creating-a-community-run-mobile-app-in-brazil\/","title":{"rendered":"Cooperativa digital: Creating a community-run mobile app in Brazil"},"content":{"rendered":"\n<p><a href=\"http:\/\/imagination-old.lancaster.ac.uk\/person\/rosendy-galabo\/\" data-type=\"link\" data-id=\"http:\/\/imagination-old.lancaster.ac.uk\/person\/rosendy-galabo\/\" target=\"_blank\" rel=\"noreferrer noopener\">Dr Rosendy Fernandez Galabo<\/a>, Research Associate, ¶¶ÒõÌ½Ì½App\u00a0\u00a0,<a href=\"http:\/\/www.deinf.ufma.br\/~csalles\/\" data-type=\"link\" data-id=\"http:\/\/www.deinf.ufma.br\/~csalles\/\" target=\"_blank\" rel=\"noreferrer noopener\">Prof. Carlos de Salles Soares Neto<\/a>, Federal University of Maranh\u00e3o (UFMA), Brazil, Associate Professor, <a href=\"https:\/\/imagination.lancaster.ac.uk\/person\/justin-sacks\/\" data-type=\"link\" data-id=\"https:\/\/imagination.lancaster.ac.uk\/person\/justin-sacks\/\" target=\"_blank\" rel=\"noreferrer noopener\">Justin Sacks<\/a>, Research Associate &#8211; #Commonize Studio, ¶¶ÒõÌ½Ì½App, <a href=\"https:\/\/imagination.lancaster.ac.uk\/person\/paul-coulton\/\" data-type=\"link\" data-id=\"https:\/\/imagination.lancaster.ac.uk\/person\/paul-coulton\/\" target=\"_blank\" rel=\"noreferrer noopener\">Prof. Paul Coulton<\/a> (Mentor), Professor in Speculative &amp; Game Design, ¶¶ÒõÌ½Ì½App, <a href=\"https:\/\/sigaa.ufma.br\/sigaa\/public\/docente\/portal.jsf?siape=1626171\" data-type=\"link\" data-id=\"https:\/\/sigaa.ufma.br\/sigaa\/public\/docente\/portal.jsf?siape=1626171\" target=\"_blank\" rel=\"noreferrer noopener\">Jovemar Junior<\/a>, Director of Reapp, Publicidade Jove, Marcella Abreu, Master\u2019s in design student, Federal University of Maranh\u00e3o, Andr\u00e9 Gabriel Gomes, Computer Science BSc student, Federal University of Maranh\u00e3o, Gabriel Bastos, Computer Science BSc student, Federal University of Maranh\u00e3o, Gabriel Belo, Computer Science BSc student, Federal University of Maranh\u00e3o\u00a0\u00a0<\/p>\n\n\n\n<div class=\"wp-block-columns is-layout-flex wp-container-core-columns-is-layout-9d6595d7 wp-block-columns-is-layout-flex\">\n<div class=\"wp-block-column is-layout-flow wp-block-column-is-layout-flow\" style=\"flex-basis:66.66%\">\n<p style=\"font-size:18px\">What does a mobile app look like when it\u2019s controlled by its users? \u2018Cooperativa digital\u2019 (digital cooperative) is a partnership between ¶¶ÒõÌ½Ì½App, Federal University of Maranh\u00e3o, and Jove Publicidade (social enterprise) to evolve a private mobile app into a digital cooperative, a type of platform commons.&nbsp;<\/p>\n\n\n\n<p style=\"font-size:18px\"><br>While most digital platforms are controlled by private for-profit companies, some digital platforms like Wikipedia are controlled by their contributing members. These types of digital platforms are part of a longstanding organisational approach called commons, specifically platform commons.&nbsp;<\/p>\n\n\n\n<p style=\"font-size:18px\">\u2018Cooperativa digital\u2019 builds on a digital platform created by a Brazilian social enterprise that takes advantage of a local law that allows people to donate a portion of sales tax (i.e. VAT) to non-governmental organizations (NGOs). As a platform, the mobile app matches donors with NGOs. Now that the app is operational, the social enterprise wants to transfer control to the NGOs. To support this process, the partners are translating and transforming relevant concepts from commons scholarship into methods and tools that can be used in studio experiments with the community to create the rules for this platform commons.&nbsp;<\/p>\n\n\n\n<p style=\"font-size:18px\">The project asks: How can we transform commons scholarship into usable tools that support this community to create a digital platform commons? How does the community\u2019s approach to discussing and creating greater equity inform understanding of the digital good?&nbsp;<\/p>\n<\/div>\n\n\n\n<div class=\"wp-block-column is-layout-flow wp-block-column-is-layout-flow\" style=\"flex-basis:33.33%\">\n<figure class=\"wp-block-image size-large\"><img loading=\"lazy\" decoding=\"async\" width=\"1024\" height=\"773\" src=\"https:\/\/www.lancaster.ac.uk\/fof2024\/wp-content\/uploads\/2024\/01\/prototype-1024x773.jpg\" alt=\"\" class=\"wp-image-482\" srcset=\"https:\/\/www.lancaster.ac.uk\/fof2024\/wp-content\/uploads\/2024\/01\/prototype-1024x773.jpg 1024w, https:\/\/www.lancaster.ac.uk\/fof2024\/wp-content\/uploads\/2024\/01\/prototype-500x378.jpg 500w, https:\/\/www.lancaster.ac.uk\/fof2024\/wp-content\/uploads\/2024\/01\/prototype-768x580.jpg 768w, https:\/\/www.lancaster.ac.uk\/fof2024\/wp-content\/uploads\/2024\/01\/prototype-1536x1160.jpg 1536w, https:\/\/www.lancaster.ac.uk\/fof2024\/wp-content\/uploads\/2024\/01\/prototype.jpg 1634w\" sizes=\"auto, (max-width: 1024px) 100vw, 1024px\" \/><\/figure>\n\n\n\n<figure class=\"wp-block-image size-large\"><img loading=\"lazy\" decoding=\"async\" width=\"1024\" height=\"768\" src=\"https:\/\/www.lancaster.ac.uk\/fof2024\/wp-content\/uploads\/2024\/01\/IMG_6744-1024x768.jpg\" alt=\"\" class=\"wp-image-483\" srcset=\"https:\/\/www.lancaster.ac.uk\/fof2024\/wp-content\/uploads\/2024\/01\/IMG_6744-1024x768.jpg 1024w, https:\/\/www.lancaster.ac.uk\/fof2024\/wp-content\/uploads\/2024\/01\/IMG_6744-500x375.jpg 500w, https:\/\/www.lancaster.ac.uk\/fof2024\/wp-content\/uploads\/2024\/01\/IMG_6744-768x576.jpg 768w, https:\/\/www.lancaster.ac.uk\/fof2024\/wp-content\/uploads\/2024\/01\/IMG_6744-1536x1152.jpg 1536w, https:\/\/www.lancaster.ac.uk\/fof2024\/wp-content\/uploads\/2024\/01\/IMG_6744-2048x1536.jpg 2048w\" sizes=\"auto, (max-width: 1024px) 100vw, 1024px\" \/><\/figure>\n\n\n\n<figure class=\"wp-block-image size-large\"><img loading=\"lazy\" decoding=\"async\" width=\"1024\" height=\"768\" src=\"https:\/\/www.lancaster.ac.uk\/fof2024\/wp-content\/uploads\/2024\/01\/IMG_6737-1024x768.jpg\" alt=\"\" class=\"wp-image-484\" srcset=\"https:\/\/www.lancaster.ac.uk\/fof2024\/wp-content\/uploads\/2024\/01\/IMG_6737-1024x768.jpg 1024w, https:\/\/www.lancaster.ac.uk\/fof2024\/wp-content\/uploads\/2024\/01\/IMG_6737-500x375.jpg 500w, https:\/\/www.lancaster.ac.uk\/fof2024\/wp-content\/uploads\/2024\/01\/IMG_6737-768x576.jpg 768w, https:\/\/www.lancaster.ac.uk\/fof2024\/wp-content\/uploads\/2024\/01\/IMG_6737-1536x1152.jpg 1536w, https:\/\/www.lancaster.ac.uk\/fof2024\/wp-content\/uploads\/2024\/01\/IMG_6737-2048x1536.jpg 2048w\" sizes=\"auto, (max-width: 1024px) 100vw, 1024px\" \/><\/figure>\n\n\n\n<figure class=\"wp-block-image size-large\"><img loading=\"lazy\" decoding=\"async\" width=\"1024\" height=\"768\" src=\"https:\/\/www.lancaster.ac.uk\/fof2024\/wp-content\/uploads\/2024\/01\/IMG_6750-1024x768.jpg\" alt=\"\" class=\"wp-image-485\" srcset=\"https:\/\/www.lancaster.ac.uk\/fof2024\/wp-content\/uploads\/2024\/01\/IMG_6750-1024x768.jpg 1024w, https:\/\/www.lancaster.ac.uk\/fof2024\/wp-content\/uploads\/2024\/01\/IMG_6750-500x375.jpg 500w, https:\/\/www.lancaster.ac.uk\/fof2024\/wp-content\/uploads\/2024\/01\/IMG_6750-768x576.jpg 768w, https:\/\/www.lancaster.ac.uk\/fof2024\/wp-content\/uploads\/2024\/01\/IMG_6750-1536x1152.jpg 1536w, https:\/\/www.lancaster.ac.uk\/fof2024\/wp-content\/uploads\/2024\/01\/IMG_6750-2048x1536.jpg 2048w\" sizes=\"auto, (max-width: 1024px) 100vw, 1024px\" \/><\/figure>\n<\/div>\n<\/div>\n\n\n\n<figure class=\"wp-block-image size-large\"><img loading=\"lazy\" decoding=\"async\" width=\"1024\" height=\"768\" src=\"https:\/\/www.lancaster.ac.uk\/fof2024\/wp-content\/uploads\/2024\/01\/IMG_1523-1024x768.jpeg\" alt=\"\" class=\"wp-image-486\" srcset=\"https:\/\/www.lancaster.ac.uk\/fof2024\/wp-content\/uploads\/2024\/01\/IMG_1523-1024x768.jpeg 1024w, https:\/\/www.lancaster.ac.uk\/fof2024\/wp-content\/uploads\/2024\/01\/IMG_1523-500x375.jpeg 500w, https:\/\/www.lancaster.ac.uk\/fof2024\/wp-content\/uploads\/2024\/01\/IMG_1523-768x576.jpeg 768w, https:\/\/www.lancaster.ac.uk\/fof2024\/wp-content\/uploads\/2024\/01\/IMG_1523-1536x1152.jpeg 1536w, https:\/\/www.lancaster.ac.uk\/fof2024\/wp-content\/uploads\/2024\/01\/IMG_1523.jpeg 2048w\" sizes=\"auto, (max-width: 1024px) 100vw, 1024px\" \/><\/figure>\n","protected":false},"excerpt":{"rendered":"<p>Dr Rosendy Fernandez Galabo, Research Associate, ¶¶ÒõÌ½Ì½App\u00a0\u00a0,Prof. Carlos de Salles Soares Neto, Federal University of Maranh\u00e3o (UFMA), Brazil, Associate Professor, Justin Sacks, Research Associate &#8211; #Commonize Studio, ¶¶ÒõÌ½Ì½App, Prof. Paul Coulton (Mentor), Professor in Speculative &amp; Game Design, ¶¶ÒõÌ½Ì½App, Jovemar Junior, Director of Reapp, Publicidade Jove, Marcella [&hellip;]<\/p>\n","protected":false},"author":5,"featured_media":0,"parent":145,"menu_order":0,"comment_status":"closed","ping_status":"closed","template":"","meta":{"footnotes":""},"class_list":["post-352","page","type-page","status-publish","hentry"],"_links":{"self":[{"href":"https:\/\/www.lancaster.ac.uk\/fof2024\/wp-json\/wp\/v2\/pages\/352","targetHints":{"allow":["GET"]}}],"collection":[{"href":"https:\/\/www.lancaster.ac.uk\/fof2024\/wp-json\/wp\/v2\/pages"}],"about":[{"href":"https:\/\/www.lancaster.ac.uk\/fof2024\/wp-json\/wp\/v2\/types\/page"}],"author":[{"embeddable":true,"href":"https:\/\/www.lancaster.ac.uk\/fof2024\/wp-json\/wp\/v2\/users\/5"}],"replies":[{"embeddable":true,"href":"https:\/\/www.lancaster.ac.uk\/fof2024\/wp-json\/wp\/v2\/comments?post=352"}],"version-history":[{"count":4,"href":"https:\/\/www.lancaster.ac.uk\/fof2024\/wp-json\/wp\/v2\/pages\/352\/revisions"}],"predecessor-version":[{"id":564,"href":"https:\/\/www.lancaster.ac.uk\/fof2024\/wp-json\/wp\/v2\/pages\/352\/revisions\/564"}],"up":[{"embeddable":true,"href":"https:\/\/www.lancaster.ac.uk\/fof2024\/wp-json\/wp\/v2\/pages\/145"}],"wp:attachment":[{"href":"https:\/\/www.lancaster.ac.uk\/fof2024\/wp-json\/wp\/v2\/media?parent=352"}],"curies":[{"name":"wp","href":"https:\/\/api.w.org\/{rel}","templated":true}]}}