  {"id":3728,"date":"2018-05-23T13:35:50","date_gmt":"2018-05-23T12:35:50","guid":{"rendered":"http:\/\/www.lancaster.ac.uk\/cuidar\/?page_id=3728"},"modified":"2018-10-01T13:49:02","modified_gmt":"2018-10-01T12:49:02","slug":"film-por","status":"publish","type":"page","link":"https:\/\/www.lancaster.ac.uk\/cuidar\/film-por\/","title":{"rendered":"Filme Internacional do CUIDAR"},"content":{"rendered":"<h2><strong>&#8216;Transformar o Planeamento de Cat\u00e1strofes &#8211; uma abordagem centrada na crian\u00e7a&#8217;<\/strong><\/h2>\n<p>As crian\u00e7as e jovens que participaram neste projeto colaboraram com cineastas dos pa\u00edses europeus participantes para produzir um filme sobre o que \u00e9 necess\u00e1rio fazer para melhorar a redu\u00e7\u00e3o do risco de cat\u00e1strofe. Posteriormente, o nosso realizador David Martin reuniu as filmagens para criar um filme de seis minutos, legendado em todas as l\u00ednguas dos pa\u00edses parceiros.<\/p>\n<p><span class=\"embed-youtube\" style=\"text-align:center; display: block;\"><iframe loading=\"lazy\" class=\"youtube-player\" width=\"640\" height=\"360\" src=\"https:\/\/www.youtube.com\/embed\/P1Av6jA0KOY?version=3&#038;rel=1&#038;showsearch=0&#038;showinfo=1&#038;iv_load_policy=1&#038;fs=1&#038;hl=en-GB&#038;autohide=2&#038;wmode=transparent\" allowfullscreen=\"true\" style=\"border:0;\" sandbox=\"allow-scripts allow-same-origin allow-popups allow-presentation allow-popups-to-escape-sandbox\"><\/iframe><\/span><\/p>\n<p>&nbsp;<\/p>\n<p><strong>Aqui est\u00e1 o filme internacional com legendagem em portugu\u00eas<\/strong><\/p>\n<h2>&#8216;Transformando o planeamento de cat\u00e1strofes: uma abordagem centrada nas crian\u00e7as&#8217;<\/h2>\n<p><span class=\"embed-youtube\" style=\"text-align:center; display: block;\"><iframe loading=\"lazy\" class=\"youtube-player\" width=\"640\" height=\"360\" src=\"https:\/\/www.youtube.com\/embed\/vdV33d7lSuA?version=3&#038;rel=1&#038;showsearch=0&#038;showinfo=1&#038;iv_load_policy=1&#038;fs=1&#038;hl=en-GB&#038;autohide=2&#038;wmode=transparent\" allowfullscreen=\"true\" style=\"border:0;\" sandbox=\"allow-scripts allow-same-origin allow-popups allow-presentation allow-popups-to-escape-sandbox\"><\/iframe><\/span><\/p>\n<p>&nbsp;<\/p>\n","protected":false},"excerpt":{"rendered":"<p>&#8216;Transformar o Planeamento de Cat\u00e1strofes &#8211; uma abordagem centrada na crian\u00e7a&#8217; As crian\u00e7as e jovens que participaram neste projeto colaboraram com cineastas dos pa\u00edses europeus participantes para produzir um filme sobre o que \u00e9 necess\u00e1rio fazer para melhorar a redu\u00e7\u00e3o do risco de cat\u00e1strofe. Posteriormente, o nosso realizador David Martin reuniu as filmagens para criar<a href=\"https:\/\/www.lancaster.ac.uk\/cuidar\/film-por\/\">[&#8230;]<\/a><\/p>\n","protected":false},"author":10,"featured_media":0,"parent":0,"menu_order":0,"comment_status":"closed","ping_status":"closed","template":"","meta":{"jetpack_post_was_ever_published":false,"footnotes":""},"tags":[64,58],"class_list":["post-3728","page","type-page","status-publish","hentry","tag-film","tag-participation"],"jetpack_sharing_enabled":true,"jetpack_shortlink":"https:\/\/wp.me\/P70rsT-Y8","_links":{"self":[{"href":"https:\/\/www.lancaster.ac.uk\/cuidar\/wp-json\/wp\/v2\/pages\/3728","targetHints":{"allow":["GET"]}}],"collection":[{"href":"https:\/\/www.lancaster.ac.uk\/cuidar\/wp-json\/wp\/v2\/pages"}],"about":[{"href":"https:\/\/www.lancaster.ac.uk\/cuidar\/wp-json\/wp\/v2\/types\/page"}],"author":[{"embeddable":true,"href":"https:\/\/www.lancaster.ac.uk\/cuidar\/wp-json\/wp\/v2\/users\/10"}],"replies":[{"embeddable":true,"href":"https:\/\/www.lancaster.ac.uk\/cuidar\/wp-json\/wp\/v2\/comments?post=3728"}],"version-history":[{"count":11,"href":"https:\/\/www.lancaster.ac.uk\/cuidar\/wp-json\/wp\/v2\/pages\/3728\/revisions"}],"predecessor-version":[{"id":4163,"href":"https:\/\/www.lancaster.ac.uk\/cuidar\/wp-json\/wp\/v2\/pages\/3728\/revisions\/4163"}],"wp:attachment":[{"href":"https:\/\/www.lancaster.ac.uk\/cuidar\/wp-json\/wp\/v2\/media?parent=3728"}],"wp:term":[{"taxonomy":"post_tag","embeddable":true,"href":"https:\/\/www.lancaster.ac.uk\/cuidar\/wp-json\/wp\/v2\/tags?post=3728"}],"curies":[{"name":"wp","href":"https:\/\/api.w.org\/{rel}","templated":true}]}}